{"id":96,"date":"2021-11-01T17:20:59","date_gmt":"2021-11-01T17:20:59","guid":{"rendered":"http:\/\/kelepuri.com\/?page_id=96"},"modified":"2021-12-29T21:51:57","modified_gmt":"2021-12-29T21:51:57","slug":"acerca-de","status":"publish","type":"page","link":"https:\/\/kelepuri.com\/index.php\/acerca-de\/","title":{"rendered":"Acerca de"},"content":{"rendered":"\n<p>Kelepuri nace con el compromiso de satisfacer de manera integral las necesidades de sus clientes en los distintos procesos de la gesti\u00f3n inmobiliaria.<\/p>\n\n\n\n<p>Ya sea en operaciones de Compra\/Venta de terceros. En las que entidades financieras, fondos de inversi\u00f3n o particulares deseen deshacerse de activos inmobiliarios.<\/p>\n\n\n\n<p>Kelepuri aporta valor excepcional en estas operaciones a trav\u00e9s de compra directa sin financiaci\u00f3n, independientemente del estado, situaci\u00f3n legal o posesoria del bien.\u00ad<\/p>\n\n\n\n<p>O llevando a cabo la gesti\u00f3n integral del proceso de venta de un modo \u00e1gil y riguroso, basado en la digitalizaci\u00f3n y sistematizaci\u00f3n de los procesos. Tanto en la comercializaci\u00f3n de carteras de activos, como minorista.<\/p>\n\n\n\n<p>Adicionalmente, presta servicios 360\u00ba de gesti\u00f3n de alquiler. Por lo cual no tendr\u00e1 que preocuparse por nada.<\/p>\n\n\n\n<p>Incluyen toda la gesti\u00f3n:<\/p>\n\n\n\n<ul><li>Legal<\/li><li>Administrativa<\/li><li>Gesti\u00f3n de incidencias 24\/7 \u00a0<\/li><\/ul>\n\n\n\n<p>Por \u00faltimo, Kelepuri act\u00faa en nombre propio a trav\u00e9s de venta de inmuebles de su cartera. En el que nuestro objetivo es brindar un servicio excepcional basado en los valores de transparencia, rigor y respeto al medio ambiente.<\/p>\n","protected":false},"excerpt":{"rendered":"<p>Kelepuri nace con el compromiso de satisfacer de manera integral las necesidades de sus clientes en los distintos procesos de la gesti\u00f3n inmobiliaria. Ya sea en operaciones de Compra\/Venta de terceros. En las que entidades financieras, fondos de inversi\u00f3n o particulares deseen deshacerse de activos inmobiliarios. Kelepuri aporta valor excepcional en estas operaciones a trav\u00e9s &hellip; <\/p>\n<p class=\"link-more\"><a href=\"https:\/\/kelepuri.com\/index.php\/acerca-de\/\" class=\"more-link\">Continue reading<span class=\"screen-reader-text\"> &#8220;Acerca de&#8221;<\/span><\/a><\/p>\n","protected":false},"author":1,"featured_media":153,"parent":0,"menu_order":0,"comment_status":"closed","ping_status":"closed","template":"","meta":[],"_links":{"self":[{"href":"https:\/\/kelepuri.com\/index.php\/wp-json\/wp\/v2\/pages\/96"}],"collection":[{"href":"https:\/\/kelepuri.com\/index.php\/wp-json\/wp\/v2\/pages"}],"about":[{"href":"https:\/\/kelepuri.com\/index.php\/wp-json\/wp\/v2\/types\/page"}],"author":[{"embeddable":true,"href":"https:\/\/kelepuri.com\/index.php\/wp-json\/wp\/v2\/users\/1"}],"replies":[{"embeddable":true,"href":"https:\/\/kelepuri.com\/index.php\/wp-json\/wp\/v2\/comments?post=96"}],"version-history":[{"count":3,"href":"https:\/\/kelepuri.com\/index.php\/wp-json\/wp\/v2\/pages\/96\/revisions"}],"predecessor-version":[{"id":186,"href":"https:\/\/kelepuri.com\/index.php\/wp-json\/wp\/v2\/pages\/96\/revisions\/186"}],"wp:featuredmedia":[{"embeddable":true,"href":"https:\/\/kelepuri.com\/index.php\/wp-json\/wp\/v2\/media\/153"}],"wp:attachment":[{"href":"https:\/\/kelepuri.com\/index.php\/wp-json\/wp\/v2\/media?parent=96"}],"curies":[{"name":"wp","href":"https:\/\/api.w.org\/{rel}","templated":true}]}}