{"id":95,"date":"2021-11-01T17:20:59","date_gmt":"2021-11-01T17:20:59","guid":{"rendered":"http:\/\/kelepuri.com\/?page_id=95"},"modified":"2021-12-29T21:50:47","modified_gmt":"2021-12-29T21:50:47","slug":"inicio","status":"publish","type":"page","link":"https:\/\/kelepuri.com\/","title":{"rendered":"Inicio"},"content":{"rendered":"\n<p>Kelepuri, S.A. startup de inversi\u00f3n, especializada en adquisici\u00f3n, venta y gesti\u00f3n de activos inmobiliarios.<\/p>\n","protected":false},"excerpt":{"rendered":"<p>Kelepuri, S.A. startup de inversi\u00f3n, especializada en adquisici\u00f3n, venta y gesti\u00f3n de activos inmobiliarios.<\/p>\n","protected":false},"author":1,"featured_media":0,"parent":0,"menu_order":0,"comment_status":"closed","ping_status":"closed","template":"","meta":[],"_links":{"self":[{"href":"https:\/\/kelepuri.com\/index.php\/wp-json\/wp\/v2\/pages\/95"}],"collection":[{"href":"https:\/\/kelepuri.com\/index.php\/wp-json\/wp\/v2\/pages"}],"about":[{"href":"https:\/\/kelepuri.com\/index.php\/wp-json\/wp\/v2\/types\/page"}],"author":[{"embeddable":true,"href":"https:\/\/kelepuri.com\/index.php\/wp-json\/wp\/v2\/users\/1"}],"replies":[{"embeddable":true,"href":"https:\/\/kelepuri.com\/index.php\/wp-json\/wp\/v2\/comments?post=95"}],"version-history":[{"count":3,"href":"https:\/\/kelepuri.com\/index.php\/wp-json\/wp\/v2\/pages\/95\/revisions"}],"predecessor-version":[{"id":185,"href":"https:\/\/kelepuri.com\/index.php\/wp-json\/wp\/v2\/pages\/95\/revisions\/185"}],"wp:attachment":[{"href":"https:\/\/kelepuri.com\/index.php\/wp-json\/wp\/v2\/media?parent=95"}],"curies":[{"name":"wp","href":"https:\/\/api.w.org\/{rel}","templated":true}]}}